{"id":102,"date":"2023-07-27T09:54:18","date_gmt":"2023-07-27T09:54:18","guid":{"rendered":"http:\/\/localhost:10013\/?page_id=102"},"modified":"2024-09-18T08:42:33","modified_gmt":"2024-09-18T08:42:33","slug":"privacy-policy","status":"publish","type":"page","link":"https:\/\/maisonb.lu\/en\/privacy-policy","title":{"rendered":"Privacy policy"},"content":{"rendered":"<p class=\"p1\"><b>Protection des donn\u00e9es<\/b><\/p>\n<p class=\"p2\"><b>Informations relatives \u00e0 la protection des donn\u00e9es \u00e0 caract\u00e8re personnel<\/b><\/p>\n<p class=\"p3\">Ce document a pour but de fournir \u00e0 toute personne concern\u00e9e des informations relatives au traitement et \u00e0 la protection des donn\u00e9es \u00e0 caract\u00e8re personnel par Maison B ainsi que d\u2019informer ces personnes de leurs droits d\u00e9coulant de la nouvelle l\u00e9gislation europ\u00e9enne sur la protection des donn\u00e9es \u00e0 caract\u00e8re personnel, notamment le R\u00e8glement g\u00e9n\u00e9ral sur la protection des donn\u00e9es (EU) 2016\/679 du Parlement europ\u00e9en et du Conseil, du 27 avril 2016, relatif \u00e0 la protection des personnes physiques \u00e0 l&#8217;\u00e9gard du traitement des donn\u00e9es \u00e0 caract\u00e8re personnel et \u00e0 la libre circulation de ces donn\u00e9es, et abrogeant la directive 95\/46\/CE (JO 2016, L 119, 4.5.2016, pp. 1-88), ci-apr\u00e8s \u00ab RGPD \u00bb. Dans l\u2019ex\u00e9cution de ses missions, Maison B, en tant que \u00ab responsable du traitement \u00bb au sens du r\u00e8glement pr\u00e9cit\u00e9, veille au respect des dispositions l\u00e9gales europ\u00e9ennes et luxembourgeoises applicables en mati\u00e8re de protection de ces donn\u00e9es.<\/p>\n<p class=\"p4\"><b>1. La nature des donn\u00e9es \u00e0 caract\u00e8re personnel trait\u00e9es<\/b><\/p>\n<p class=\"p3\">Maison B traite les donn\u00e9es \u00e0 caract\u00e8re personnel qui lui sont fournies par les personnes r\u00e9servant une table ou une chambre. Par cons\u00e9quent, les donn\u00e9es \u00e0 caract\u00e8re personnel n\u00e9cessairement trait\u00e9es sont les donn\u00e9es d\u2019identit\u00e9, c.-\u00e0-d. le nom, le pr\u00e9nom, l\u2019adresse et la civilit\u00e9, ainsi que l\u2019adresse email et le num\u00e9ro de t\u00e9l\u00e9phone de l\u2019utilisateur. Maison B consid\u00e8re que ces donn\u00e9es sont indispensables pour l\u2019ex\u00e9cution de ses missions vu qu\u2019elles permettent d\u2019identifier le client et d\u2019entrer en contact avec ce dernier. En faisant ainsi, Maison B respecte le principe de la minimisation des donn\u00e9es tel que pr\u00e9vu \u00e0 l\u2019art. 5 (1) (c) du RGPD.<\/p>\n<p class=\"p3\">Par cons\u00e9quent, les donn\u00e9es trait\u00e9es par Maison B telles qu\u2019identifi\u00e9es ci-dessus doivent \u00eatre consid\u00e9r\u00e9es comme \u00e9tant <span class=\"s1\"><i>\u00ab ad\u00e9quates, pertinentes et limit\u00e9es \u00e0 ce qui est n\u00e9cessaire au regard des finalit\u00e9s pour lesquelles elles sont trait\u00e9es \u00bb<\/i><\/span>.<\/p>\n<p class=\"p4\"><b>2. La base l\u00e9gale et la finalit\u00e9 du traitement des donn\u00e9es \u00e0 caract\u00e8re personnel<\/b><\/p>\n<p class=\"p3\">En r\u00e9servant une table ou une chambre, l\u2019utilisateur accepte que ses donn\u00e9es \u00e0 caract\u00e8re personnel soient trait\u00e9es par Maison B sur base de l\u2019art. 6 (1) (b) du RGPD. Celui-ci pr\u00e9voit la lic\u00e9it\u00e9 du traitement de donn\u00e9es \u00e0 caract\u00e8re personnel dans le cas o\u00f9 <span class=\"s1\"><i>\u00ab<\/i><\/span><i>le traitement est n\u00e9cessaire \u00e0 l&#8217;ex\u00e9cution d&#8217;un contrat auquel la personne concern\u00e9e est partie ou \u00e0 l&#8217;ex\u00e9cution de mesures pr\u00e9contractuelles prises \u00e0 la demande de celle-ci<\/i><span class=\"s1\"><i>\u00bb<\/i><\/span>.<\/p>\n<p class=\"p3\">Concernant les finalit\u00e9s du traitement des donn\u00e9es \u00e0 caract\u00e8re personnel, Maison B collecte les informations pour les finalit\u00e9s suivantes :<\/p>\n<ul class=\"ul1\">\n<li class=\"li5\">G\u00e9rer les r\u00e9servations et demandes\u00a0;<\/li>\n<li class=\"li5\">Envoyer des informations concernant nos offres sp\u00e9ciales, promotions et \u00e9v\u00e9nements\u00a0;<\/li>\n<li class=\"li3\">R\u00e9pondre \u00e0 des questions et pr\u00e9occupations.<\/li>\n<\/ul>\n<p class=\"p4\"><b>3. L\u2019acc\u00e8s aux donn\u00e9es \u00e0 caract\u00e8re personnel<\/b><\/p>\n<p class=\"p6\">Seuls les employ\u00e9s, partenaires et sous-traitants de Maison B qui ont besoin des donn\u00e9es \u00e0 caract\u00e8re personnel ont acc\u00e8s aux donn\u00e9es des utilisateurs.<\/p>\n<p class=\"p6\">Maison B ne partage pas de donn\u00e9es \u00e0 caract\u00e8re personnel avec des parties tierces, ni dans un but lucratif ni gratuitement.<\/p>\n<p class=\"p4\"><b>4. Le temps de conservation des donn\u00e9es \u00e0 caract\u00e8re personnel<\/b><\/p>\n<p class=\"p6\">Maison B traite et conserve les donn\u00e9es \u00e0 caract\u00e8re personnel pendant la p\u00e9riode n\u00e9cessaire \u00e0 l\u2019ex\u00e9cution de sa mission et de la demande de l\u2019utilisateur. Cette p\u00e9riode ind\u00e9termin\u00e9e peut varier au cas par cas selon le contenu et la complexit\u00e9 de la demande.<\/p>\n<p class=\"p4\"><b>5. Le transfert des donn\u00e9es \u00e0 caract\u00e8re personnel \u00e0 des pays tiers<\/b><\/p>\n<p class=\"p6\">Maison B ne transmet pas de donn\u00e9es \u00e0 caract\u00e8re personnel \u00e0 des entreprises ou \u00e0 des autorit\u00e9s de pays tiers situ\u00e9s en dehors de l\u2019Union europ\u00e9enne. Exceptionnellement, dans le cadre d\u2019une demande concernant un fournisseur \u00e9tabli en dehors de l\u2019Union europ\u00e9enne, Maison B peut \u00eatre amen\u00e9e \u00e0 transmettre des donn\u00e9es \u00e0 caract\u00e8re personnel \u00e0 des entreprises ou autorit\u00e9s situ\u00e9es en dehors de l\u2019Union europ\u00e9enne. Dans cette hypoth\u00e8se, Maison B veille, par appr\u00e9ciation au cas par cas, \u00e0 ce que le niveau de protection des donn\u00e9es \u00e0 caract\u00e8re personnel soit \u00e9quivalent \u00e0 celui mis en \u0153uvre par le RGPD.<\/p>\n<p class=\"p4\"><b>6. Les droits de la personne concern\u00e9e en mati\u00e8re de protection des donn\u00e9es \u00e0 caract\u00e8re personnel<\/b><\/p>\n<p class=\"p3\">Tout utilisateur \u00e0 un droit d\u2019acc\u00e8s \u00e0 ses donn\u00e9es \u00e0 caract\u00e8re personnel. Ainsi, tout utilisateur peut \u00e0 tout moment contacter Maison B afin d\u2019avoir toutes les informations concernant le traitement des donn\u00e9es \u00e0 caract\u00e8re personnel. Il s\u2019ajoute que toute personne concern\u00e9e dispose d\u2019un droit de rectification de ses donn\u00e9es \u00e0 caract\u00e8re personnel.<\/p>\n<p class=\"p3\">En outre, toute personne concern\u00e9e dispose d\u2019un droit \u00e0 l\u2019oubli, c.-\u00e0-d. d\u2019un droit de faire effacer ses donn\u00e9es \u00e0 caract\u00e8re personnel. Ainsi, tout utilisateur peut, \u00e0 tout moment, demander l\u2019effacement de ses donn\u00e9es \u00e0 caract\u00e8re personnel aupr\u00e8s de Maison B. L\u2019utilisateur peut \u00e9galement s\u2019opposer au traitement des donn\u00e9es \u00e0 des fins de marketing direct. Pour exercer ces droits, l\u2019utilisateur peut contacter Maison B \u00e0 l\u2019adresse email suivante : <a href=\"mailto:hello@maisonb.lu\">hello@maisonb.lu\u00a0<\/a><\/p>\n<p class=\"p4\"><b>7. Modifications de la politique de confidentialit\u00e9 <\/b><\/p>\n<p class=\"p3\">Maison B se r\u00e9serve le droit de proc\u00e9der \u00e0 des mises \u00e0 jour p\u00e9riodiques de sa politique de confidentialit\u00e9. La version la plus r\u00e9cente de ladite politique sera syst\u00e9matiquement mise \u00e0 disposition sur maisonb.lu<\/p>\n<p class=\"p4\"><b>8. Informations utiles<\/b><\/p>\n<p class=\"p3\">Pour plus d\u2019informations sur le traitement des donn\u00e9es \u00e0 caract\u00e8re personnel par Maison B, toute personne concern\u00e9e peut s\u2019adresser \u00e0 :<\/p>\n<p class=\"p7\"><b>Maison B <\/b><\/p>\n<p class=\"p8\">31, Rue Biergerkr\u00e4iz<\/p>\n<p class=\"p8\">L-8120 Bridel<\/p>\n<p class=\"p9\"><span class=\"s5\">Email : <a href=\"mailto:hello@maisonb.lu\">hello@maisonb.lu<\/a><\/span><\/p>\n","protected":false},"excerpt":{"rendered":"<p>Protection des donn\u00e9es Informations relatives \u00e0 la protection des donn\u00e9es \u00e0 caract\u00e8re personnel Ce document a pour but de fournir \u00e0 toute personne concern\u00e9e des informations relatives au traitement et \u00e0 la protection des donn\u00e9es \u00e0 caract\u00e8re personnel par Maison B ainsi que d\u2019informer ces personnes de leurs droits d\u00e9coulant de la nouvelle l\u00e9gislation europ\u00e9enne [&hellip;]<\/p>\n","protected":false},"author":1,"featured_media":0,"parent":0,"menu_order":0,"comment_status":"closed","ping_status":"closed","template":"blank.php","meta":{"_acf_changed":false,"inline_featured_image":false,"footnotes":""},"class_list":["post-102","page","type-page","status-publish","hentry"],"acf":[],"yoast_head":"<!-- This site is optimized with the Yoast SEO plugin v26.0 - https:\/\/yoast.com\/wordpress\/plugins\/seo\/ -->\n<title>Privacy policy - Maison B<\/title>\n<meta name=\"robots\" content=\"index, follow, max-snippet:-1, max-image-preview:large, max-video-preview:-1\" \/>\n<link rel=\"canonical\" href=\"https:\/\/maisonb.lu\/en\/privacy-policy\" \/>\n<meta property=\"og:locale\" content=\"en_US\" \/>\n<meta property=\"og:type\" content=\"article\" \/>\n<meta property=\"og:title\" content=\"Privacy policy - Maison B\" \/>\n<meta property=\"og:description\" content=\"Protection des donn\u00e9es Informations relatives \u00e0 la protection des donn\u00e9es \u00e0 caract\u00e8re personnel Ce document a pour but de fournir \u00e0 toute personne concern\u00e9e des informations relatives au traitement et \u00e0 la protection des donn\u00e9es \u00e0 caract\u00e8re personnel par Maison B ainsi que d\u2019informer ces personnes de leurs droits d\u00e9coulant de la nouvelle l\u00e9gislation europ\u00e9enne [&hellip;]\" \/>\n<meta property=\"og:url\" content=\"https:\/\/maisonb.lu\/en\/privacy-policy\" \/>\n<meta property=\"og:site_name\" content=\"Maison B\" \/>\n<meta property=\"article:modified_time\" content=\"2024-09-18T08:42:33+00:00\" \/>\n<meta property=\"og:image\" content=\"https:\/\/maisonb.lu\/wp-content\/uploads\/2024\/10\/MG_9750.jpg\" \/>\n\t<meta property=\"og:image:width\" content=\"2000\" \/>\n\t<meta property=\"og:image:height\" content=\"1333\" \/>\n\t<meta property=\"og:image:type\" content=\"image\/jpeg\" \/>\n<meta name=\"twitter:card\" content=\"summary_large_image\" \/>\n<meta name=\"twitter:label1\" content=\"Est. reading time\" \/>\n\t<meta name=\"twitter:data1\" content=\"5 minutes\" \/>\n<script type=\"application\/ld+json\" class=\"yoast-schema-graph\">{\"@context\":\"https:\/\/schema.org\",\"@graph\":[{\"@type\":\"WebPage\",\"@id\":\"https:\/\/maisonb.lu\/en\/privacy-policy\",\"url\":\"https:\/\/maisonb.lu\/en\/privacy-policy\",\"name\":\"Privacy policy - Maison B\",\"isPartOf\":{\"@id\":\"https:\/\/maisonb.lu\/#website\"},\"datePublished\":\"2023-07-27T09:54:18+00:00\",\"dateModified\":\"2024-09-18T08:42:33+00:00\",\"breadcrumb\":{\"@id\":\"https:\/\/maisonb.lu\/en\/privacy-policy#breadcrumb\"},\"inLanguage\":\"en-US\",\"potentialAction\":[{\"@type\":\"ReadAction\",\"target\":[\"https:\/\/maisonb.lu\/en\/privacy-policy\"]}]},{\"@type\":\"BreadcrumbList\",\"@id\":\"https:\/\/maisonb.lu\/en\/privacy-policy#breadcrumb\",\"itemListElement\":[{\"@type\":\"ListItem\",\"position\":1,\"name\":\"Home\",\"item\":\"https:\/\/maisonb.lu\/en\"},{\"@type\":\"ListItem\",\"position\":2,\"name\":\"Privacy policy\"}]},{\"@type\":\"WebSite\",\"@id\":\"https:\/\/maisonb.lu\/#website\",\"url\":\"https:\/\/maisonb.lu\/\",\"name\":\"Maison B\",\"description\":\"Saveurs authentiques et ambiance\",\"publisher\":{\"@id\":\"https:\/\/maisonb.lu\/#organization\"},\"potentialAction\":[{\"@type\":\"SearchAction\",\"target\":{\"@type\":\"EntryPoint\",\"urlTemplate\":\"https:\/\/maisonb.lu\/?s={search_term_string}\"},\"query-input\":{\"@type\":\"PropertyValueSpecification\",\"valueRequired\":true,\"valueName\":\"search_term_string\"}}],\"inLanguage\":\"en-US\"},{\"@type\":\"Organization\",\"@id\":\"https:\/\/maisonb.lu\/#organization\",\"name\":\"Maison B\",\"url\":\"https:\/\/maisonb.lu\/\",\"logo\":{\"@type\":\"ImageObject\",\"inLanguage\":\"en-US\",\"@id\":\"https:\/\/maisonb.lu\/#\/schema\/logo\/image\/\",\"url\":\"https:\/\/maisonb.lu\/wp-content\/uploads\/2024\/10\/MG_9750.jpg\",\"contentUrl\":\"https:\/\/maisonb.lu\/wp-content\/uploads\/2024\/10\/MG_9750.jpg\",\"width\":2000,\"height\":1333,\"caption\":\"Maison B\"},\"image\":{\"@id\":\"https:\/\/maisonb.lu\/#\/schema\/logo\/image\/\"}}]}<\/script>\n<!-- \/ Yoast SEO plugin. -->","yoast_head_json":{"title":"Privacy policy - Maison B","robots":{"index":"index","follow":"follow","max-snippet":"max-snippet:-1","max-image-preview":"max-image-preview:large","max-video-preview":"max-video-preview:-1"},"canonical":"https:\/\/maisonb.lu\/en\/privacy-policy","og_locale":"en_US","og_type":"article","og_title":"Privacy policy - Maison B","og_description":"Protection des donn\u00e9es Informations relatives \u00e0 la protection des donn\u00e9es \u00e0 caract\u00e8re personnel Ce document a pour but de fournir \u00e0 toute personne concern\u00e9e des informations relatives au traitement et \u00e0 la protection des donn\u00e9es \u00e0 caract\u00e8re personnel par Maison B ainsi que d\u2019informer ces personnes de leurs droits d\u00e9coulant de la nouvelle l\u00e9gislation europ\u00e9enne [&hellip;]","og_url":"https:\/\/maisonb.lu\/en\/privacy-policy","og_site_name":"Maison B","article_modified_time":"2024-09-18T08:42:33+00:00","og_image":[{"width":2000,"height":1333,"url":"https:\/\/maisonb.lu\/wp-content\/uploads\/2024\/10\/MG_9750.jpg","type":"image\/jpeg"}],"twitter_card":"summary_large_image","twitter_misc":{"Est. reading time":"5 minutes"},"schema":{"@context":"https:\/\/schema.org","@graph":[{"@type":"WebPage","@id":"https:\/\/maisonb.lu\/en\/privacy-policy","url":"https:\/\/maisonb.lu\/en\/privacy-policy","name":"Privacy policy - Maison B","isPartOf":{"@id":"https:\/\/maisonb.lu\/#website"},"datePublished":"2023-07-27T09:54:18+00:00","dateModified":"2024-09-18T08:42:33+00:00","breadcrumb":{"@id":"https:\/\/maisonb.lu\/en\/privacy-policy#breadcrumb"},"inLanguage":"en-US","potentialAction":[{"@type":"ReadAction","target":["https:\/\/maisonb.lu\/en\/privacy-policy"]}]},{"@type":"BreadcrumbList","@id":"https:\/\/maisonb.lu\/en\/privacy-policy#breadcrumb","itemListElement":[{"@type":"ListItem","position":1,"name":"Home","item":"https:\/\/maisonb.lu\/en"},{"@type":"ListItem","position":2,"name":"Privacy policy"}]},{"@type":"WebSite","@id":"https:\/\/maisonb.lu\/#website","url":"https:\/\/maisonb.lu\/","name":"Maison B","description":"Saveurs authentiques et ambiance","publisher":{"@id":"https:\/\/maisonb.lu\/#organization"},"potentialAction":[{"@type":"SearchAction","target":{"@type":"EntryPoint","urlTemplate":"https:\/\/maisonb.lu\/?s={search_term_string}"},"query-input":{"@type":"PropertyValueSpecification","valueRequired":true,"valueName":"search_term_string"}}],"inLanguage":"en-US"},{"@type":"Organization","@id":"https:\/\/maisonb.lu\/#organization","name":"Maison B","url":"https:\/\/maisonb.lu\/","logo":{"@type":"ImageObject","inLanguage":"en-US","@id":"https:\/\/maisonb.lu\/#\/schema\/logo\/image\/","url":"https:\/\/maisonb.lu\/wp-content\/uploads\/2024\/10\/MG_9750.jpg","contentUrl":"https:\/\/maisonb.lu\/wp-content\/uploads\/2024\/10\/MG_9750.jpg","width":2000,"height":1333,"caption":"Maison B"},"image":{"@id":"https:\/\/maisonb.lu\/#\/schema\/logo\/image\/"}}]}},"_links":{"self":[{"href":"https:\/\/maisonb.lu\/en\/wp-json\/wp\/v2\/pages\/102","targetHints":{"allow":["GET"]}}],"collection":[{"href":"https:\/\/maisonb.lu\/en\/wp-json\/wp\/v2\/pages"}],"about":[{"href":"https:\/\/maisonb.lu\/en\/wp-json\/wp\/v2\/types\/page"}],"author":[{"embeddable":true,"href":"https:\/\/maisonb.lu\/en\/wp-json\/wp\/v2\/users\/1"}],"replies":[{"embeddable":true,"href":"https:\/\/maisonb.lu\/en\/wp-json\/wp\/v2\/comments?post=102"}],"version-history":[{"count":6,"href":"https:\/\/maisonb.lu\/en\/wp-json\/wp\/v2\/pages\/102\/revisions"}],"predecessor-version":[{"id":820,"href":"https:\/\/maisonb.lu\/en\/wp-json\/wp\/v2\/pages\/102\/revisions\/820"}],"wp:attachment":[{"href":"https:\/\/maisonb.lu\/en\/wp-json\/wp\/v2\/media?parent=102"}],"curies":[{"name":"wp","href":"https:\/\/api.w.org\/{rel}","templated":true}]}}